{"id":823,"date":"2020-11-10T12:09:24","date_gmt":"2020-11-10T12:09:24","guid":{"rendered":"https:\/\/cactualdea.es\/?page_id=823"},"modified":"2025-02-13T10:27:15","modified_gmt":"2025-02-13T10:27:15","slug":"privacy-policy","status":"publish","type":"page","link":"https:\/\/cactualdeapark.es\/en\/privacy-policy\/","title":{"rendered":"Privacy Policy"},"content":{"rendered":"\t\t<div data-elementor-type=\"wp-page\" data-elementor-id=\"823\" class=\"elementor elementor-823\">\n\t\t\t\t\t\t<section class=\"elementor-section elementor-top-section elementor-element elementor-element-6127ea7 elementor-section-full_width elementor-section-height-default elementor-section-height-default\" data-id=\"6127ea7\" data-element_type=\"section\" data-e-type=\"section\" data-settings=\"{&quot;background_background&quot;:&quot;gradient&quot;}\">\n\t\t\t\t\t\t<div class=\"elementor-container elementor-column-gap-default\">\n\t\t\t\t\t<div class=\"elementor-column elementor-col-100 elementor-top-column elementor-element elementor-element-329bc75\" data-id=\"329bc75\" data-element_type=\"column\" data-e-type=\"column\">\n\t\t\t<div class=\"elementor-widget-wrap elementor-element-populated\">\n\t\t\t\t\t\t<div class=\"elementor-element elementor-element-db16915 elementor-widget elementor-widget-spacer\" data-id=\"db16915\" data-element_type=\"widget\" data-e-type=\"widget\" data-widget_type=\"spacer.default\">\n\t\t\t\t<div class=\"elementor-widget-container\">\n\t\t\t\t\t\t\t<div class=\"elementor-spacer\">\n\t\t\t<div class=\"elementor-spacer-inner\"><\/div>\n\t\t<\/div>\n\t\t\t\t\t\t<\/div>\n\t\t\t\t<\/div>\n\t\t\t\t<div class=\"elementor-element elementor-element-d749190 elementor-widget elementor-widget-heading\" data-id=\"d749190\" data-element_type=\"widget\" data-e-type=\"widget\" data-widget_type=\"heading.default\">\n\t\t\t\t<div class=\"elementor-widget-container\">\n\t\t\t\t\t<h2 class=\"elementor-heading-title elementor-size-default\">PRIVACY POLICY<\/h2>\t\t\t\t<\/div>\n\t\t\t\t<\/div>\n\t\t\t\t\t<\/div>\n\t\t<\/div>\n\t\t\t\t\t<\/div>\n\t\t<\/section>\n\t\t\t\t<section class=\"elementor-section elementor-top-section elementor-element elementor-element-19d8df0a elementor-section-boxed elementor-section-height-default elementor-section-height-default\" data-id=\"19d8df0a\" data-element_type=\"section\" data-e-type=\"section\">\n\t\t\t\t\t\t<div class=\"elementor-container elementor-column-gap-default\">\n\t\t\t\t\t<div class=\"elementor-column elementor-col-100 elementor-top-column elementor-element elementor-element-7189f9f5\" data-id=\"7189f9f5\" data-element_type=\"column\" data-e-type=\"column\">\n\t\t\t<div class=\"elementor-widget-wrap elementor-element-populated\">\n\t\t\t\t\t\t<div class=\"elementor-element elementor-element-6a4deff elementor-widget elementor-widget-spacer\" data-id=\"6a4deff\" data-element_type=\"widget\" data-e-type=\"widget\" data-widget_type=\"spacer.default\">\n\t\t\t\t<div class=\"elementor-widget-container\">\n\t\t\t\t\t\t\t<div class=\"elementor-spacer\">\n\t\t\t<div class=\"elementor-spacer-inner\"><\/div>\n\t\t<\/div>\n\t\t\t\t\t\t<\/div>\n\t\t\t\t<\/div>\n\t\t\t\t<div class=\"elementor-element elementor-element-91d4cec elementor-widget elementor-widget-heading\" data-id=\"91d4cec\" data-element_type=\"widget\" data-e-type=\"widget\" data-widget_type=\"heading.default\">\n\t\t\t\t<div class=\"elementor-widget-container\">\n\t\t\t\t\t<h2 class=\"elementor-heading-title elementor-size-default\">Informaci\u00f3n obligatoria<\/h2>\t\t\t\t<\/div>\n\t\t\t\t<\/div>\n\t\t\t\t<div class=\"elementor-element elementor-element-53c9b8ae elementor-widget elementor-widget-text-editor\" data-id=\"53c9b8ae\" data-element_type=\"widget\" data-e-type=\"widget\" data-widget_type=\"text-editor.default\">\n\t\t\t\t<div class=\"elementor-widget-container\">\n\t\t\t\t\t\t\t\t\t<p>LOMO DEL TRIGO SL<br \/>B35030485<br \/>Tocodoman SN<br \/>La Aldea de San Nicolas<br \/>35470 Las Palmas<br \/>Tel\u00e9fono: 0034 928 560535 \/ 560581<br \/>Fax: 0034 928153615<br \/>Correo electr\u00f3nico: cactualdea@gmail.com<br \/>Internet: www.cactualdea.com<br \/>Jefe autorizado legalmente: J\u00fcrgen Udo Knuth<br \/>Responsables del contenido: J\u00fcrgen Udo Knuth<br \/>C.I.F.: B \u2013 35 387 455<br \/>Registro Mercantil de Las Palmas, Folio 47 del T. 1201 , Hoja: GC 12007, Inscripci\u00f3n 1\u00aa \u2013 02-02-1995<\/p>\t\t\t\t\t\t\t\t<\/div>\n\t\t\t\t<\/div>\n\t\t\t\t<div class=\"elementor-element elementor-element-ac8a3c1 elementor-widget elementor-widget-heading\" data-id=\"ac8a3c1\" data-element_type=\"widget\" data-e-type=\"widget\" data-widget_type=\"heading.default\">\n\t\t\t\t<div class=\"elementor-widget-container\">\n\t\t\t\t\t<h2 class=\"elementor-heading-title elementor-size-default\">Condiciones generales de uso del portal de LOMO DEL TRIGO SL<\/h2>\t\t\t\t<\/div>\n\t\t\t\t<\/div>\n\t\t\t\t<div class=\"elementor-element elementor-element-6952a94 elementor-widget elementor-widget-text-editor\" data-id=\"6952a94\" data-element_type=\"widget\" data-e-type=\"widget\" data-widget_type=\"text-editor.default\">\n\t\t\t\t<div class=\"elementor-widget-container\">\n\t\t\t\t\t\t\t\t\t<p><span style=\"font-weight: 400;\">A pesar de nuestro control exhaustivo sobre el contenido de la p\u00e1gina, no asumimos ninguna responsabilidad sobre los contenidos de v\u00ednculos externos.<\/span><span style=\"font-weight: 400;\"><br \/><\/span><span style=\"font-weight: 400;\">Los propietarios de las p\u00e1ginas que se vinculan a la nuestra son responsables exclusivos del contenido de de las mismas.<\/span><\/p><p><span style=\"font-weight: 400;\">LOMO DEL TRIGO SL le informa que el acceso y uso de la p\u00e1gina web cactualdeapark.es y todos los subdominios y directorios incluidos bajo la misma, as\u00ed como los servicios o contenidos que a trav\u00e9s de \u00e9l se puedan obtener y todos los portales de dominio propio bajo titularidad de LOMO DEL TRIGO, S.L., est\u00e1n sujetos a los t\u00e9rminos que se detallan en este Aviso Legal, sin perjuicio de que el acceso a alguno de dichos servicios o contenidos pudieran precisar de la aceptaci\u00f3n de unas Condiciones Generales particulares adicionales.<\/span><\/p><p><span style=\"font-weight: 400;\">Por ello, si las consideraciones detalladas en este Aviso Legal no son de su conformidad, rogamos no haga uso del Portal, ya que cualquier uso que haga del mismo o de los servicios y contenidos en \u00e9l incluidos implicar\u00e1 la aceptaci\u00f3n de los t\u00e9rminos legales recogidos en este texto.<\/span><\/p><p><span style=\"font-weight: 400;\">LOMO DEL TRIGO, S.L. se reserva el derecho a realizar cambios en el Portal cactualdeapark.es y en todos los portales web del que es titular sin previo aviso, con el objeto de actualizar, corregir, modificar, a\u00f1adir o eliminar los contenidos del Portal o de su dise\u00f1o. Los contenidos y servicios que ofrecen los Portales se actualizan peri\u00f3dicamente. Debido a que la actualizaci\u00f3n de la informaci\u00f3n no es inmediata, le sugerimos que compruebe siempre la vigencia y exactitud de la informaci\u00f3n, servicios y contenidos recogidos en los mismos.<\/span><\/p><p><span style=\"font-weight: 400;\">Las condiciones y t\u00e9rminos que se recogen en el presente Aviso Legal pueden variar, por lo que le invitamos a que revise estos t\u00e9rminos cuando visite de nuevo el Portal. LOMO DEL TRIGO SL no se hace responsable de los da\u00f1os y perjuicios que pudiera ocasionar la utilizaci\u00f3n de las herramientas e informaciones contenidas en cactualdeapark.es y en todos los portales web de los que es titular, en relaci\u00f3n con la adopci\u00f3n de decisiones sobre el inicio, desarrollo o resultado de procedimientos administrativos. Tales decisiones deben ser contrastadas en los centros, organismos o dependencias competentes.<\/span><\/p><p><span style=\"font-weight: 400;\">En cualquier caso, la informaci\u00f3n y contenidos de esta Web no podr\u00e1n ser alegados en procesos contradictorios con la Administraci\u00f3n P\u00fablica, no asumiendo responsabilidad alguna por las discrepancias que pudiesen existir entre los documentos impresos de la Administraci\u00f3n competente y la publicaci\u00f3n electr\u00f3nica en estas p\u00e1ginas.<\/span><\/p><h2><span style=\"font-weight: 400;\">\u00bfPor qu\u00e9 LOMO DEL TRIGO, S.L. registra la informaci\u00f3n personal?<\/span><\/h2><p><span style=\"font-weight: 400;\">El LOMO DEL TRIGO, S.L. registra y usa sus datos personales con el fin de ofrecer servicios extras a nuestros clientes, como: acceso f\u00e1cil a nuestra p\u00e1gina web, una gran gama de ofertas y el uso optimo de los mismos. De esta manera LOMO DEL TRIGO, S.L. aprovecha sus datos para mantenerle informado sobre nuestros cambios recientes, ofertas especiales y proporcionarle toda la informaci\u00f3n que consideremos interesante para usted.<\/span><\/p><p><span style=\"font-weight: 400;\">Si usted no est\u00e1 interesado en recibir nuestro bolet\u00edn informativo, puesto que no tiene inter\u00e9s sobre nuestros nuevos productos y servicios, puede darse de baja de nuestra base de datos en cualquier momento.<\/span><\/p><h2><span style=\"font-weight: 400;\">Derechos de propiedad intelectual y de propiedad industrial<\/span><\/h2><p><span style=\"font-weight: 400;\">Tanto el dise\u00f1o de la web y de los portales web de su titularidad y sus c\u00f3digos fuente, como los logos, marcas, y dem\u00e1s signos distintivos que aparecen en el mismo, pertenecen a LOMO DEL TRIGO SL o entidades colaboradoras y est\u00e1n protegidos por los correspondientes derechos de propiedad intelectual e industrial. Igualmente est\u00e1n protegidos por los correspondientes derechos de propiedad intelectual e industrial las im\u00e1genes y dem\u00e1s contenidos incluidos en el servidor de LOMO DEL TRIGO SL.<\/span><\/p><p><span style=\"font-weight: 400;\">Su uso, reproducci\u00f3n, distribuci\u00f3n, comunicaci\u00f3n p\u00fablica, transformaci\u00f3n o cualquier otra actividad similar o an\u00e1loga, queda totalmente prohibida salvo que medie expresa autorizaci\u00f3n de LOMO DEL TRIGO SL. La licencia de uso de cualquier contenido de este Portal otorgada al usuario se limita a la descarga por parte del usuario de dicho contenido y el uso privado del mismo, siempre que los citados contenidos permanezcan \u00edntegros.<\/span><\/p><p><span style=\"font-weight: 400;\">LOMO DEL TRIGO SL declara su respeto a los derechos de propiedad intelectual e industrial de terceros; por ello, si considera que este sitio pudiera estar violando sus derechos, rogamos se ponga en contacto con LOMO DEL TRIGO SL, a trav\u00e9s de nuestros datos de contacto.<\/span><\/p><h3><span style=\"font-weight: 400;\">Privacidad<\/span><\/h3><p><span style=\"font-weight: 400;\">De acuerdo con la Ley Org\u00e1nica 15\/1999, de 13 de diciembre, de Protecci\u00f3n de Datos de Car\u00e1cter Personal, LOMO DEL TRIGO SL, se compromete al cumplimiento de su obligaci\u00f3n de secreto con respecto a los datos de car\u00e1cter personal y al deber de tratarlos con confidencialidad. A estos efectos, adoptar\u00e1 las medidas necesarias para evitar su alteraci\u00f3n, p\u00e9rdida, tratamiento o acceso no autorizado. La recogida y tratamiento automatizado de los datos personales tiene como finalidad la gesti\u00f3n, prestaci\u00f3n, ampliaci\u00f3n y mejora de los servicios solicitados en cada momento por el usuario y el seguimiento de consultas planteadas por los usuarios.<\/span><\/p><p><span style=\"font-weight: 400;\">Usted tendr\u00e1 la posibilidad de ejercer los derechos de acceso, rectificaci\u00f3n, cancelaci\u00f3n y oposici\u00f3n de sus datos personales que obran en los ficheros de LOMO DEL TRIGO SL, solicit\u00e1ndolo por cualquier medio que deje constancia de su env\u00edo y de su recepci\u00f3n.<\/span><\/p><p><span style=\"font-weight: 400;\">LOMO DEL TRIGO SL, mantiene los niveles de protecci\u00f3n de sus datos personales conforme al Real Decreto 1720\/2007, de 21 de diciembre, relativo a las medidas de seguridad de los ficheros automatizados que contengan datos de car\u00e1cter personal, y ha establecido todos los medios t\u00e9cnicos a su alcance para evitar la p\u00e9rdida, mal uso, alteraci\u00f3n, acceso no autorizado y robo de los datos que Vd. facilite a LOMO DEL TRIGO SL, sin perjuicio de que las medidas de seguridad en Internet no sean inexpugnables.<\/span><\/p><p><span style=\"font-weight: 400;\">LOMO DEL TRIGO SL se reserva la facultad de modificar la presente Pol\u00edtica de Privacidad para adaptarla a las novedades legislativas, jurisprudenciales o de interpretaci\u00f3n de la Agencia Espa\u00f1ola de Protecci\u00f3n de Datos. En este caso, LOMO DEL TRIGO SL anunciar\u00e1 dichos cambios, indicando claramente y con la debida antelaci\u00f3n las modificaciones efectuadas, y solicitando, en caso de que sea necesario, su aceptaci\u00f3n de dichos cambios.<\/span><\/p><h2><span style=\"font-weight: 400;\">\u00bfC\u00f3mo protege LOMO DEL TRIGO, S.L. su informaci\u00f3n personal?<\/span><\/h2><p><span style=\"font-weight: 400;\">LOMO DEL TRIGO, S.L. toma precauciones, incluyendo tambi\u00e9n las administrativas, electr\u00f3nicas y procedimientos f\u00edsicos para proteger su informaci\u00f3n personal de p\u00e9rdidas, robo y mal uso, as\u00ed como de acceso no autorizado, transmisi\u00f3n de datos, alteraciones y delitos.<\/span><\/p><p><span style=\"font-weight: 400;\">La p\u00e1gina web emplea, en algunas partes, la codificaci\u00f3n estandar industrial SSL (Secure Sockets Layer). Su informaci\u00f3n personal y la informaci\u00f3n de su tarjeta de cr\u00e9dito est\u00e1n de esta manera aseguradas.<\/span><\/p><p><span style=\"font-weight: 400;\">Usted puede ayudarnos a mantener su seguridad siguiendo estos simples pasos. Cambie regularmente su contrase\u00f1a usando combinaciones de letras y n\u00fameros y cerci\u00f3rese de que est\u00e1 utilizando un navegador seguro.<\/span><\/p><h2><span style=\"font-weight: 400;\">Ley aplicable y jurisdicci\u00f3n<\/span><\/h2><p><span style=\"font-weight: 400;\">La ley aplicable en caso de disputa o conflicto de interpretaci\u00f3n de los t\u00e9rminos que conforman este Aviso Legal, as\u00ed como cualquier cuesti\u00f3n relacionada con los servicios del presente Portal, ser\u00e1 la ley espa\u00f1ola. Para la resoluci\u00f3n de cualquier conflicto que pueda surgir con ocasi\u00f3n de la visita al Portal o del uso de los servicios que en \u00e9l se puedan ofertar, el LOMO DEL TRIGO SL y el Usuario acuerdan someterse a los Jueces y Tribunales de domicilio del Usuario, siempre que el mismo est\u00e9 situado en territorio espa\u00f1ol.<\/span><\/p><h2><span style=\"font-weight: 400;\">Pol\u00edtica de certificados electr\u00f3nicos. Requisitos<\/span><\/h2><p><span style=\"font-weight: 400;\">Para poder acceder a los servicios y tr\u00e1mites de LOMO DEL TRIGO SL a trav\u00e9s de certificado electr\u00f3nico deber\u00e1 acreditar su identidad y, en los casos que as\u00ed se requiera, firmar electr\u00f3nicamente los escritos presentados. Para estos fines, se aceptar\u00e1n los certificados digitales admitidos por la Administraci\u00f3n General del Estado.<\/span><\/p><h2><span style=\"font-weight: 400;\">Links o hiperenlaces<\/span><\/h2><p><span style=\"font-weight: 400;\">LOMO DEL TRIGO SL le facilita el acceso a otras p\u00e1ginas web que consideramos pueden ser de su inter\u00e9s. El objetivo de dichos enlaces es \u00fanicamente facilitarle la b\u00fasqueda de los recursos que le puedan interesar a trav\u00e9s de Internet. No obstante, dichas p\u00e1ginas no le pertenecen, ni hace una revisi\u00f3n de sus contenidos y, por ello, no puede hacerse responsable de los mismos, del funcionamiento de la p\u00e1gina enlazada o de los posibles da\u00f1os que puedan derivarse del acceso o uso de la misma.<\/span><\/p><h2><span style=\"font-weight: 400;\">Frames<\/span><\/h2><p><span style=\"font-weight: 400;\">LOMO DEL TRIGO SL proh\u00edbe expresamente la realizaci\u00f3n de &#8220;frammings&#8221; o la utilizaci\u00f3n por parte de terceros de cualesquiera otros mecanismos que alteren el dise\u00f1o, configuraci\u00f3n original o contenidos de su portal o portales bajo su titularidad.<\/span><\/p><h2><span style=\"font-weight: 400;\">Medidas de protecci\u00f3n ante uso abusivo o robotizado<\/span><\/h2><p><span style=\"font-weight: 400;\">LOMO DEL TRIGO SL se reserva el derecho a realizar cambios t\u00e9cnicos en el Portal cactualdeapark.es y en todos los portales web del que es titular sin previo aviso, con el objeto de preservar la disponibilidad del mismo ante eventuales usos abusivos manuales o robotizados de acceso al mismo.<\/span><\/p><h2><span style=\"font-weight: 400;\">Versi\u00f3n multilenguaje<\/span><\/h2><p><span style=\"font-weight: 400;\">El portal web de LOMO DEL TRIGO SL est\u00e1 traducido a varias lenguas extranjeras: ingles y aleman. Se advierte que con car\u00e1cter general, puede existir un desfase entre la versi\u00f3n en castellano y en las otras lenguas, derivadas del proceso de traducci\u00f3n a las mismas.<\/span><\/p><h2><span style=\"font-weight: 400;\">Estad\u00edsticas de uso<\/span><\/h2><p><span style=\"font-weight: 400;\">LOMO DEL TRIGO SL, informa de la utilizaci\u00f3n de Google Analytics en este portal y los portales de titularidad de LOMO DEL TRIGO SL, a efectos exclusivamente estad\u00edsticos.<\/span><\/p><p><span style=\"font-weight: 400;\">LOMO DEL TRIGO, S.L.<\/span><span style=\"font-weight: 400;\"><br \/><\/span><span style=\"font-weight: 400;\">C\/ Tocodom\u00e1n s\/n\u00a0 \u00a0 35470 San Nicol\u00e1s de Tolentino Gran Canaria Registro Mercantil de Las Palmas, Folio 168 del T. 1111 , Hoja: GC 9795, Inscripci\u00f3n 1\u00aa 26-10-1993 &#8211; C.I.F.: B-35.030.485<\/span><span style=\"font-weight: 400;\"><br \/><\/span><span style=\"font-weight: 400;\">E-Mail: cactualdea@gmail.com<\/span><span style=\"font-weight: 400;\"><br \/><\/span><span style=\"font-weight: 400;\">03.03.2010<\/span><\/p><p>\u00a0<\/p>\t\t\t\t\t\t\t\t<\/div>\n\t\t\t\t<\/div>\n\t\t\t\t<div class=\"elementor-element elementor-element-6739384 elementor-widget elementor-widget-spacer\" data-id=\"6739384\" data-element_type=\"widget\" data-e-type=\"widget\" data-widget_type=\"spacer.default\">\n\t\t\t\t<div class=\"elementor-widget-container\">\n\t\t\t\t\t\t\t<div class=\"elementor-spacer\">\n\t\t\t<div class=\"elementor-spacer-inner\"><\/div>\n\t\t<\/div>\n\t\t\t\t\t\t<\/div>\n\t\t\t\t<\/div>\n\t\t\t\t\t<\/div>\n\t\t<\/div>\n\t\t\t\t\t<\/div>\n\t\t<\/section>\n\t\t\t\t<\/div>\n\t\t","protected":false},"excerpt":{"rendered":"<p class=\"excerpt\">PRIVACY POLICY Informaci\u00f3n obligatoria LOMO DEL TRIGO SLB35030485Tocodoman SNLa Aldea de San Nicolas35470 Las PalmasTel\u00e9fono: 0034 928 560535 \/ 560581Fax: 0034 928153615Correo electr\u00f3nico: cactualdea@gmail.comInternet: www.cactualdea.comJefe autorizado legalmente: J\u00fcrgen Udo KnuthResponsables del contenido: J\u00fcrgen Udo KnuthC.I.F.: B \u2013 35 387 455Registro Mercantil de Las Palmas, Folio 47 del T. 1201 , Hoja: GC 12007, Inscripci\u00f3n 1\u00aa [&hellip;]<\/p>\n","protected":false},"author":3,"featured_media":0,"parent":0,"menu_order":0,"comment_status":"closed","ping_status":"closed","template":"elementor_header_footer","meta":{"footnotes":""},"class_list":["post-823","page","type-page","status-publish","hentry"],"_links":{"self":[{"href":"https:\/\/cactualdeapark.es\/en\/wp-json\/wp\/v2\/pages\/823","targetHints":{"allow":["GET"]}}],"collection":[{"href":"https:\/\/cactualdeapark.es\/en\/wp-json\/wp\/v2\/pages"}],"about":[{"href":"https:\/\/cactualdeapark.es\/en\/wp-json\/wp\/v2\/types\/page"}],"author":[{"embeddable":true,"href":"https:\/\/cactualdeapark.es\/en\/wp-json\/wp\/v2\/users\/3"}],"replies":[{"embeddable":true,"href":"https:\/\/cactualdeapark.es\/en\/wp-json\/wp\/v2\/comments?post=823"}],"version-history":[{"count":23,"href":"https:\/\/cactualdeapark.es\/en\/wp-json\/wp\/v2\/pages\/823\/revisions"}],"predecessor-version":[{"id":1511,"href":"https:\/\/cactualdeapark.es\/en\/wp-json\/wp\/v2\/pages\/823\/revisions\/1511"}],"wp:attachment":[{"href":"https:\/\/cactualdeapark.es\/en\/wp-json\/wp\/v2\/media?parent=823"}],"curies":[{"name":"wp","href":"https:\/\/api.w.org\/{rel}","templated":true}]}}